{"id":12690,"date":"2022-04-05T22:55:20","date_gmt":"2022-04-06T02:55:20","guid":{"rendered":"https:\/\/www.alpha-technologies.com\/alphaconsult-soporte-de-aplicaciones-y-servicios-de-consultoria\/"},"modified":"2022-07-26T08:58:46","modified_gmt":"2022-07-26T12:58:46","slug":"alphaconsult-soporte-de-aplicaciones-y-servicios-de-consultoria","status":"publish","type":"page","link":"https:\/\/www.alphatechnologies.cn\/es\/alphaconsult-soporte-de-aplicaciones-y-servicios-de-consultoria\/","title":{"rendered":"AlphaConsult: Soporte de Aplicaciones y Servicios de Consultor\u00eda"},"content":{"rendered":"\t\t<div data-elementor-type=\"wp-page\" data-elementor-id=\"12690\" class=\"elementor elementor-12690 elementor-9697\" data-elementor-post-type=\"page\">\n\t\t\t\t\t\t<section data-particle_enable=\"false\" data-particle-mobile-disabled=\"false\" class=\"elementor-section elementor-top-section elementor-element elementor-element-1c4e467 ot-traditional elementor-section-boxed elementor-section-height-default elementor-section-height-default\" data-id=\"1c4e467\" data-element_type=\"section\" data-e-type=\"section\">\n\t\t\t\t\t\t<div class=\"elementor-container elementor-column-gap-default\">\n\t\t\t\t\t<div class=\"elementor-column elementor-col-100 elementor-top-column elementor-element elementor-element-b4a0d5e ot-flex-column-vertical\" data-id=\"b4a0d5e\" data-element_type=\"column\" data-e-type=\"column\">\n\t\t\t<div class=\"elementor-widget-wrap elementor-element-populated\">\n\t\t\t\t\t\t<div class=\"elementor-element elementor-element-0171ba9 .subpage-subheader elementor-widget elementor-widget-heading\" data-id=\"0171ba9\" data-element_type=\"widget\" data-e-type=\"widget\" data-widget_type=\"heading.default\">\n\t\t\t\t<div class=\"elementor-widget-container\">\n\t\t\t\t\t<h2 class=\"elementor-heading-title elementor-size-medium\">Hemos estado aqu\u00ed antes. Sabemos d\u00f3nde investigar. Sabemos qu\u00e9 hacer.  <\/h2>\t\t\t\t<\/div>\n\t\t\t\t<\/div>\n\t\t\t\t\t<\/div>\n\t\t<\/div>\n\t\t\t\t\t<\/div>\n\t\t<\/section>\n\t\t\t\t<section data-particle_enable=\"false\" data-particle-mobile-disabled=\"false\" class=\"elementor-section elementor-top-section elementor-element elementor-element-29579ea ot-traditional elementor-section-boxed elementor-section-height-default elementor-section-height-default\" data-id=\"29579ea\" data-element_type=\"section\" data-e-type=\"section\">\n\t\t\t\t\t\t<div class=\"elementor-container elementor-column-gap-default\">\n\t\t\t\t\t<div class=\"elementor-column elementor-col-100 elementor-top-column elementor-element elementor-element-6e8efae ot-flex-column-vertical\" data-id=\"6e8efae\" data-element_type=\"column\" data-e-type=\"column\">\n\t\t\t<div class=\"elementor-widget-wrap elementor-element-populated\">\n\t\t\t\t\t\t<div class=\"elementor-element elementor-element-4c78127 elementor-widget elementor-widget-heading\" data-id=\"4c78127\" data-element_type=\"widget\" data-e-type=\"widget\" data-widget_type=\"heading.default\">\n\t\t\t\t<div class=\"elementor-widget-container\">\n\t\t\t\t\t<h3 class=\"elementor-heading-title elementor-size-default\">Los ingenieros de aplicaciones de Alpha saben todo sobre su proceso... <br>\ny todo sobre nuestros instrumentos. <\/h3>\t\t\t\t<\/div>\n\t\t\t\t<\/div>\n\t\t\t\t<div class=\"elementor-element elementor-element-6eb380d elementor-widget elementor-widget-heading\" data-id=\"6eb380d\" data-element_type=\"widget\" data-e-type=\"widget\" data-widget_type=\"heading.default\">\n\t\t\t\t<div class=\"elementor-widget-container\">\n\t\t\t\t\t<h4 class=\"elementor-heading-title elementor-size-default\">\u00a1Con nosotros tienes el paquete completo!<\/h4>\t\t\t\t<\/div>\n\t\t\t\t<\/div>\n\t\t\t\t<div class=\"elementor-element elementor-element-1daa2c9 elementor-widget elementor-widget-text-editor\" data-id=\"1daa2c9\" data-element_type=\"widget\" data-e-type=\"widget\" data-widget_type=\"text-editor.default\">\n\t\t\t\t<div class=\"elementor-widget-container\">\n\t\t\t\t\t\t\t\t\t<p>Alpha tiene una red de soporte global compuesta por ingenieros de aplicaciones certificados directos (no contratistas) que pueden consultar sobre el an\u00e1lisis de los resultados de sus ensayos, desarrollar nuevas aplicaciones para tests y ayudar a solucionar otras preguntas sobre instrumentos o software.<\/p>\t\t\t\t\t\t\t\t<\/div>\n\t\t\t\t<\/div>\n\t\t\t\t<div class=\"elementor-element elementor-element-419f066 elementor-widget elementor-widget-heading\" data-id=\"419f066\" data-element_type=\"widget\" data-e-type=\"widget\" data-widget_type=\"heading.default\">\n\t\t\t\t<div class=\"elementor-widget-container\">\n\t\t\t\t\t<h4 class=\"elementor-heading-title elementor-size-default\">Por ejemplo\u2026<\/h4>\t\t\t\t<\/div>\n\t\t\t\t<\/div>\n\t\t\t\t<div class=\"elementor-element elementor-element-c470ebd elementor-widget elementor-widget-text-editor\" data-id=\"c470ebd\" data-element_type=\"widget\" data-e-type=\"widget\" data-widget_type=\"text-editor.default\">\n\t\t\t\t<div class=\"elementor-widget-container\">\n\t\t\t\t\t\t\t\t\t<p>Elija una dificultad espec\u00edfica que est\u00e9 teniendo con sus materiales. Nuestro equipo de aplicaciones puede demostrar c\u00f3mo se puede usar el Premier RPA para resolver ese problema (o, al menos, identificar el problema).<\/p>\t\t\t\t\t\t\t\t<\/div>\n\t\t\t\t<\/div>\n\t\t\t\t\t<\/div>\n\t\t<\/div>\n\t\t\t\t\t<\/div>\n\t\t<\/section>\n\t\t\t\t<section data-particle_enable=\"false\" data-particle-mobile-disabled=\"false\" class=\"elementor-section elementor-top-section elementor-element elementor-element-8c12595 ot-traditional elementor-section-boxed elementor-section-height-default elementor-section-height-default\" data-id=\"8c12595\" data-element_type=\"section\" data-e-type=\"section\" data-settings=\"{&quot;background_background&quot;:&quot;classic&quot;}\">\n\t\t\t\t\t\t<div class=\"elementor-container elementor-column-gap-no\">\n\t\t\t\t\t<div class=\"elementor-column elementor-col-50 elementor-top-column elementor-element elementor-element-a961831 ot-column-items-top ot-flex-column-vertical\" data-id=\"a961831\" data-element_type=\"column\" data-e-type=\"column\" data-settings=\"{&quot;background_background&quot;:&quot;classic&quot;}\">\n\t\t\t<div class=\"elementor-widget-wrap elementor-element-populated\">\n\t\t\t\t\t\t<div class=\"elementor-element elementor-element-8fefe8a elementor-widget elementor-widget-text-editor\" data-id=\"8fefe8a\" data-element_type=\"widget\" data-e-type=\"widget\" data-widget_type=\"text-editor.default\">\n\t\t\t\t<div class=\"elementor-widget-container\">\n\t\t\t\t\t\t\t\t\t<p><strong>\u00bfProblemas con la extrusora?<\/strong> <br>Hemos dise\u00f1ado aplicaciones espec\u00edficamente en torno a este problema que le indican lo que debe analizar en sus compuestos.<\/p>\t\t\t\t\t\t\t\t<\/div>\n\t\t\t\t<\/div>\n\t\t\t\t\t<\/div>\n\t\t<\/div>\n\t\t\t\t<div class=\"elementor-column elementor-col-50 elementor-top-column elementor-element elementor-element-5c0f5ea ot-column-items-top ot-flex-column-vertical\" data-id=\"5c0f5ea\" data-element_type=\"column\" data-e-type=\"column\" data-settings=\"{&quot;background_background&quot;:&quot;classic&quot;}\">\n\t\t\t<div class=\"elementor-widget-wrap elementor-element-populated\">\n\t\t\t\t\t\t<div class=\"elementor-element elementor-element-e183745 elementor-widget elementor-widget-text-editor\" data-id=\"e183745\" data-element_type=\"widget\" data-e-type=\"widget\" data-widget_type=\"text-editor.default\">\n\t\t\t\t<div class=\"elementor-widget-container\">\n\t\t\t\t\t\t\t\t\t<p><strong>Realice pruebas primero con su materias primas.<\/strong><br>Podemos ayudarlo a determinar c\u00f3mo hacer peque\u00f1os ajustes en su proceso, seg\u00fan lo que pueda aprender al hacer ensayos con su materia prima cuando reci\u00e9n llega a su planta. Esos peque\u00f1os ajustes pueden significar la diferencia entre aprobar y reprobar, una vez que el compuesto est\u00e1 listo para sus pruebas.<\/p>\t\t\t\t\t\t\t\t<\/div>\n\t\t\t\t<\/div>\n\t\t\t\t\t<\/div>\n\t\t<\/div>\n\t\t\t\t\t<\/div>\n\t\t<\/section>\n\t\t\t\t<section data-particle_enable=\"false\" data-particle-mobile-disabled=\"false\" class=\"elementor-section elementor-top-section elementor-element elementor-element-8473001 ot-traditional elementor-section-boxed elementor-section-height-default elementor-section-height-default\" data-id=\"8473001\" data-element_type=\"section\" data-e-type=\"section\" data-settings=\"{&quot;background_background&quot;:&quot;classic&quot;}\">\n\t\t\t\t\t\t<div class=\"elementor-container elementor-column-gap-no\">\n\t\t\t\t\t<div class=\"elementor-column elementor-col-50 elementor-top-column elementor-element elementor-element-900dbdf ot-column-items-top ot-flex-column-vertical\" data-id=\"900dbdf\" data-element_type=\"column\" data-e-type=\"column\" data-settings=\"{&quot;background_background&quot;:&quot;classic&quot;}\">\n\t\t\t<div class=\"elementor-widget-wrap elementor-element-populated\">\n\t\t\t\t\t\t<div class=\"elementor-element elementor-element-4118653 elementor-widget elementor-widget-text-editor\" data-id=\"4118653\" data-element_type=\"widget\" data-e-type=\"widget\" data-widget_type=\"text-editor.default\">\n\t\t\t\t<div class=\"elementor-widget-container\">\n\t\t\t\t\t\t\t\t\t<p><strong>\u00bfQuiere ver sus datos de manera diferente?<\/strong> <br>Podemos personalizar la forma en que su software recopila y reporta datos, basado en sus preferencias y condiciones \u00fanicas.<\/p>\t\t\t\t\t\t\t\t<\/div>\n\t\t\t\t<\/div>\n\t\t\t\t\t<\/div>\n\t\t<\/div>\n\t\t\t\t<div class=\"elementor-column elementor-col-50 elementor-top-column elementor-element elementor-element-ce41fc9 ot-column-items-top ot-flex-column-vertical\" data-id=\"ce41fc9\" data-element_type=\"column\" data-e-type=\"column\" data-settings=\"{&quot;background_background&quot;:&quot;classic&quot;}\">\n\t\t\t<div class=\"elementor-widget-wrap elementor-element-populated\">\n\t\t\t\t\t\t<div class=\"elementor-element elementor-element-3273159 elementor-widget elementor-widget-text-editor\" data-id=\"3273159\" data-element_type=\"widget\" data-e-type=\"widget\" data-widget_type=\"text-editor.default\">\n\t\t\t\t<div class=\"elementor-widget-container\">\n\t\t\t\t\t\t\t\t\t<p><strong>\u00bfTiene una curva extra\u00f1a que dificulta el c\u00e1lculo de los l\u00edmites?<\/strong> <br>Estamos aqu\u00ed para ayudarlo a interpretar los resultados y brindarle una respuesta simple utilizando funciones integradas, aunque puede parecer dif\u00edcil de encontrar si no sabe d\u00f3nde buscar.<\/p>\t\t\t\t\t\t\t\t<\/div>\n\t\t\t\t<\/div>\n\t\t\t\t\t<\/div>\n\t\t<\/div>\n\t\t\t\t\t<\/div>\n\t\t<\/section>\n\t\t\t\t<section data-particle_enable=\"false\" data-particle-mobile-disabled=\"false\" class=\"elementor-section elementor-top-section elementor-element elementor-element-28105af ot-traditional elementor-section-boxed elementor-section-height-default elementor-section-height-default\" data-id=\"28105af\" data-element_type=\"section\" data-e-type=\"section\" data-settings=\"{&quot;background_background&quot;:&quot;classic&quot;}\">\n\t\t\t\t\t\t<div class=\"elementor-container elementor-column-gap-no\">\n\t\t\t\t\t<div class=\"elementor-column elementor-col-100 elementor-top-column elementor-element elementor-element-95d292b ot-flex-column-vertical\" data-id=\"95d292b\" data-element_type=\"column\" data-e-type=\"column\">\n\t\t\t<div class=\"elementor-widget-wrap\">\n\t\t\t\t\t\t\t<\/div>\n\t\t<\/div>\n\t\t\t\t\t<\/div>\n\t\t<\/section>\n\t\t\t\t<section data-particle_enable=\"false\" data-particle-mobile-disabled=\"false\" class=\"elementor-section elementor-top-section elementor-element elementor-element-9248dad elementor-section-full_width ot-traditional elementor-section-height-default elementor-section-height-default\" data-id=\"9248dad\" data-element_type=\"section\" data-e-type=\"section\" data-settings=\"{&quot;background_background&quot;:&quot;classic&quot;}\">\n\t\t\t\t\t\t<div class=\"elementor-container elementor-column-gap-no\">\n\t\t\t\t\t<div class=\"elementor-column elementor-col-50 elementor-top-column elementor-element elementor-element-532de2e ot-column-items-center ot-flex-column-vertical\" data-id=\"532de2e\" data-element_type=\"column\" data-e-type=\"column\" data-settings=\"{&quot;background_background&quot;:&quot;classic&quot;}\">\n\t\t\t<div class=\"elementor-widget-wrap elementor-element-populated\">\n\t\t\t\t\t\t<div class=\"elementor-element elementor-element-605368e elementor-widget elementor-widget-spacer\" data-id=\"605368e\" data-element_type=\"widget\" data-e-type=\"widget\" data-widget_type=\"spacer.default\">\n\t\t\t\t<div class=\"elementor-widget-container\">\n\t\t\t\t\t\t\t<div class=\"elementor-spacer\">\n\t\t\t<div class=\"elementor-spacer-inner\"><\/div>\n\t\t<\/div>\n\t\t\t\t\t\t<\/div>\n\t\t\t\t<\/div>\n\t\t\t\t\t<\/div>\n\t\t<\/div>\n\t\t\t\t<div class=\"elementor-column elementor-col-50 elementor-top-column elementor-element elementor-element-7213ce8 ot-column-items-top ot-flex-column-vertical\" data-id=\"7213ce8\" data-element_type=\"column\" data-e-type=\"column\">\n\t\t\t<div class=\"elementor-widget-wrap elementor-element-populated\">\n\t\t\t\t\t\t<section data-particle_enable=\"false\" data-particle-mobile-disabled=\"false\" class=\"elementor-section elementor-inner-section elementor-element elementor-element-8dde0f7 elementor-section-full_width ot-traditional elementor-section-height-default elementor-section-height-default\" data-id=\"8dde0f7\" data-element_type=\"section\" data-e-type=\"section\">\n\t\t\t\t\t\t<div class=\"elementor-container elementor-column-gap-default\">\n\t\t\t\t\t<div class=\"elementor-column elementor-col-100 elementor-inner-column elementor-element elementor-element-dd2e635 ot-flex-column-vertical\" data-id=\"dd2e635\" data-element_type=\"column\" data-e-type=\"column\">\n\t\t\t<div class=\"elementor-widget-wrap elementor-element-populated\">\n\t\t\t\t\t\t<div class=\"elementor-element elementor-element-0edcb24 elementor-widget elementor-widget-heading\" data-id=\"0edcb24\" data-element_type=\"widget\" data-e-type=\"widget\" data-widget_type=\"heading.default\">\n\t\t\t\t<div class=\"elementor-widget-container\">\n\t\t\t\t\t<h2 class=\"elementor-heading-title elementor-size-default\">Tenemos a alguien que puede responder a esa pregunta.<\/h2>\t\t\t\t<\/div>\n\t\t\t\t<\/div>\n\t\t\t\t<div class=\"elementor-element elementor-element-9ae7e70 elementor-widget elementor-widget-text-editor\" data-id=\"9ae7e70\" data-element_type=\"widget\" data-e-type=\"widget\" data-widget_type=\"text-editor.default\">\n\t\t\t\t<div class=\"elementor-widget-container\">\n\t\t\t\t\t\t\t\t\t<p>La experiencia y nivel de conocimientos de nuestros ingenieros de aplicaciones pueden encajar perfectamente para convertirse en parte de su equipo de Calidad o R&amp;D. Ofrecemos una variedad de servicios de consultor\u00eda, ya sea en el sitio o de forma remota, que pueden llegar al origen del problema y brindarle las soluciones que necesita. Y hacerlo r\u00e1pido.<\/p>\t\t\t\t\t\t\t\t<\/div>\n\t\t\t\t<\/div>\n\t\t\t\t<div class=\"elementor-element elementor-element-3e7ac2a elementor-widget elementor-widget-text-editor\" data-id=\"3e7ac2a\" data-element_type=\"widget\" data-e-type=\"widget\" data-widget_type=\"text-editor.default\">\n\t\t\t\t<div class=\"elementor-widget-container\">\n\t\t\t\t\t\t\t\t\t<p>Para obtener una cotizaci\u00f3n de los servicios de AlphaConsult para su problema espec\u00edfico, comun\u00edquese con su representante de Alpha o haga clic aqu\u00ed y d\u00edganos lo que desea saber.<\/p>\t\t\t\t\t\t\t\t<\/div>\n\t\t\t\t<\/div>\n\t\t\t\t<div class=\"elementor-element elementor-element-bd3bb0e elementor-align-center elementor-widget elementor-widget-button\" data-id=\"bd3bb0e\" data-element_type=\"widget\" data-e-type=\"widget\" data-widget_type=\"button.default\">\n\t\t\t\t<div class=\"elementor-widget-container\">\n\t\t\t\t\t\t\t\t\t<div class=\"elementor-button-wrapper\">\n\t\t\t\t\t<a class=\"elementor-button elementor-button-link elementor-size-sm\" href=\"https:\/\/www.alpha-technologies.com\/es\/solicitud-de-presupuesto\/\">\n\t\t\t\t\t\t<span class=\"elementor-button-content-wrapper\">\n\t\t\t\t\t\t\t\t\t<span class=\"elementor-button-text\">Con\u00e9ctame<\/span>\n\t\t\t\t\t<\/span>\n\t\t\t\t\t<\/a>\n\t\t\t\t<\/div>\n\t\t\t\t\t\t\t\t<\/div>\n\t\t\t\t<\/div>\n\t\t\t\t\t<\/div>\n\t\t<\/div>\n\t\t\t\t\t<\/div>\n\t\t<\/section>\n\t\t\t\t\t<\/div>\n\t\t<\/div>\n\t\t\t\t\t<\/div>\n\t\t<\/section>\n\t\t\t\t<\/div>\n\t\t","protected":false},"excerpt":{"rendered":"<p>Hemos estado aqu\u00ed antes. Sabemos d\u00f3nde investigar. Sabemos qu\u00e9 hacer. Los ingenieros de aplicaciones de Alpha saben todo sobre su proceso&#8230; y todo [&hellip;]<\/p>\n","protected":false},"author":1,"featured_media":0,"parent":0,"menu_order":70,"comment_status":"closed","ping_status":"closed","template":"","meta":{"_acf_changed":false,"_eb_attr":"","footnotes":""},"folder":[50],"class_list":["post-12690","page","type-page","status-publish","hentry"],"acf":[],"_links":{"self":[{"href":"https:\/\/www.alphatechnologies.cn\/es\/wp-json\/wp\/v2\/pages\/12690","targetHints":{"allow":["GET"]}}],"collection":[{"href":"https:\/\/www.alphatechnologies.cn\/es\/wp-json\/wp\/v2\/pages"}],"about":[{"href":"https:\/\/www.alphatechnologies.cn\/es\/wp-json\/wp\/v2\/types\/page"}],"author":[{"embeddable":true,"href":"https:\/\/www.alphatechnologies.cn\/es\/wp-json\/wp\/v2\/users\/1"}],"replies":[{"embeddable":true,"href":"https:\/\/www.alphatechnologies.cn\/es\/wp-json\/wp\/v2\/comments?post=12690"}],"version-history":[{"count":5,"href":"https:\/\/www.alphatechnologies.cn\/es\/wp-json\/wp\/v2\/pages\/12690\/revisions"}],"predecessor-version":[{"id":13245,"href":"https:\/\/www.alphatechnologies.cn\/es\/wp-json\/wp\/v2\/pages\/12690\/revisions\/13245"}],"wp:attachment":[{"href":"https:\/\/www.alphatechnologies.cn\/es\/wp-json\/wp\/v2\/media?parent=12690"}],"wp:term":[{"taxonomy":"folder","embeddable":true,"href":"https:\/\/www.alphatechnologies.cn\/es\/wp-json\/wp\/v2\/folder?post=12690"}],"curies":[{"name":"wp","href":"https:\/\/api.w.org\/{rel}","templated":true}]}}