{"id":12682,"date":"2022-04-18T20:21:49","date_gmt":"2022-04-19T00:21:49","guid":{"rendered":"https:\/\/www.alpha-technologies.com\/carreras\/"},"modified":"2022-07-25T10:04:51","modified_gmt":"2022-07-25T14:04:51","slug":"carreras","status":"publish","type":"page","link":"https:\/\/www.alphatechnologies.cn\/es\/carreras\/","title":{"rendered":"Carreras"},"content":{"rendered":"\t\t<div data-elementor-type=\"wp-page\" data-elementor-id=\"12682\" class=\"elementor elementor-12682 elementor-10924\" data-elementor-post-type=\"page\">\n\t\t\t\t\t\t<section data-particle_enable=\"false\" data-particle-mobile-disabled=\"false\" class=\"elementor-section elementor-top-section elementor-element elementor-element-1c4e467 ot-traditional elementor-section-boxed elementor-section-height-default elementor-section-height-default\" data-id=\"1c4e467\" data-element_type=\"section\" data-e-type=\"section\">\n\t\t\t\t\t\t<div class=\"elementor-container elementor-column-gap-default\">\n\t\t\t\t\t<div class=\"elementor-column elementor-col-100 elementor-top-column elementor-element elementor-element-b4a0d5e ot-flex-column-vertical\" data-id=\"b4a0d5e\" data-element_type=\"column\" data-e-type=\"column\">\n\t\t\t<div class=\"elementor-widget-wrap elementor-element-populated\">\n\t\t\t\t\t\t<div class=\"elementor-element elementor-element-0171ba9 .subpage-subheader elementor-widget elementor-widget-heading\" data-id=\"0171ba9\" data-element_type=\"widget\" data-e-type=\"widget\" data-widget_type=\"heading.default\">\n\t\t\t\t<div class=\"elementor-widget-container\">\n\t\t\t\t\t<h2 class=\"elementor-heading-title elementor-size-medium\">Trabaja en Alpha Technologies<\/h2>\t\t\t\t<\/div>\n\t\t\t\t<\/div>\n\t\t\t\t\t<\/div>\n\t\t<\/div>\n\t\t\t\t\t<\/div>\n\t\t<\/section>\n\t\t\t\t<section data-particle_enable=\"false\" data-particle-mobile-disabled=\"false\" class=\"elementor-section elementor-top-section elementor-element elementor-element-29579ea ot-traditional elementor-section-boxed elementor-section-height-default elementor-section-height-default\" data-id=\"29579ea\" data-element_type=\"section\" data-e-type=\"section\">\n\t\t\t\t\t\t<div class=\"elementor-container elementor-column-gap-default\">\n\t\t\t\t\t<div class=\"elementor-column elementor-col-100 elementor-top-column elementor-element elementor-element-6e8efae ot-flex-column-vertical\" data-id=\"6e8efae\" data-element_type=\"column\" data-e-type=\"column\">\n\t\t\t<div class=\"elementor-widget-wrap elementor-element-populated\">\n\t\t\t\t\t\t<div class=\"elementor-element elementor-element-0df3209 elementor-widget elementor-widget-heading\" data-id=\"0df3209\" data-element_type=\"widget\" data-e-type=\"widget\" data-widget_type=\"heading.default\">\n\t\t\t\t<div class=\"elementor-widget-container\">\n\t\t\t\t\t<h2 class=\"elementor-heading-title elementor-size-default\">Nuestra propuesta<\/h2>\t\t\t\t<\/div>\n\t\t\t\t<\/div>\n\t\t\t\t<div class=\"elementor-element elementor-element-1daa2c9 elementor-widget elementor-widget-text-editor\" data-id=\"1daa2c9\" data-element_type=\"widget\" data-e-type=\"widget\" data-widget_type=\"text-editor.default\">\n\t\t\t\t<div class=\"elementor-widget-container\">\n\t\t\t\t\t\t\t\t\t<p>Trabaja para una organizaci\u00f3n global, con oportunidades de crecimiento, conformada por profesionales enfocados en las necesidades de nuestros clientes, dentro de una cultura de calidad y compromiso.<\/p><p>\u00bfComo suena eso?<\/p>\t\t\t\t\t\t\t\t<\/div>\n\t\t\t\t<\/div>\n\t\t\t\t\t<\/div>\n\t\t<\/div>\n\t\t\t\t\t<\/div>\n\t\t<\/section>\n\t\t\t\t<section data-particle_enable=\"false\" data-particle-mobile-disabled=\"false\" class=\"elementor-section elementor-top-section elementor-element elementor-element-5392ff4 elementor-section-content-middle ot-traditional elementor-section-boxed elementor-section-height-default elementor-section-height-default\" data-id=\"5392ff4\" data-element_type=\"section\" data-e-type=\"section\">\n\t\t\t\t\t\t<div class=\"elementor-container elementor-column-gap-default\">\n\t\t\t\t\t<div class=\"elementor-column elementor-col-100 elementor-top-column elementor-element elementor-element-ed665bd ot-flex-column-vertical\" data-id=\"ed665bd\" data-element_type=\"column\" data-e-type=\"column\">\n\t\t\t<div class=\"elementor-widget-wrap elementor-element-populated\">\n\t\t\t\t\t\t<section data-particle_enable=\"false\" data-particle-mobile-disabled=\"false\" class=\"elementor-section elementor-inner-section elementor-element elementor-element-f5bade1 elementor-section-content-top elementor-section-full_width ot-traditional elementor-section-height-default elementor-section-height-default\" data-id=\"f5bade1\" data-element_type=\"section\" data-e-type=\"section\">\n\t\t\t\t\t\t<div class=\"elementor-container elementor-column-gap-extended\">\n\t\t\t\t\t<div class=\"elementor-column elementor-col-50 elementor-inner-column elementor-element elementor-element-ee4b045 ot-flex-column-vertical\" data-id=\"ee4b045\" data-element_type=\"column\" data-e-type=\"column\">\n\t\t\t<div class=\"elementor-widget-wrap elementor-element-populated\">\n\t\t\t\t\t\t<div class=\"elementor-element elementor-element-c709474 elementor-widget elementor-widget-image\" data-id=\"c709474\" data-element_type=\"widget\" data-e-type=\"widget\" data-widget_type=\"image.default\">\n\t\t\t\t<div class=\"elementor-widget-container\">\n\t\t\t\t\t\t\t\t\t\t\t\t\t\t\t<img fetchpriority=\"high\" decoding=\"async\" width=\"900\" height=\"600\" src=\"https:\/\/www.alphatechnologies.cn\/wp-content\/uploads\/2022\/03\/Jessica-Gialamas-211210_1084_900.jpg\" class=\"attachment-full size-full wp-image-7130\" alt=\"Rheology Scientists Engineers\" srcset=\"https:\/\/www.alphatechnologies.cn\/wp-content\/uploads\/2022\/03\/Jessica-Gialamas-211210_1084_900.jpg 900w, https:\/\/www.alphatechnologies.cn\/wp-content\/uploads\/2022\/03\/Jessica-Gialamas-211210_1084_900-300x200.jpg 300w, https:\/\/www.alphatechnologies.cn\/wp-content\/uploads\/2022\/03\/Jessica-Gialamas-211210_1084_900-768x512.jpg 768w, https:\/\/www.alphatechnologies.cn\/wp-content\/uploads\/2022\/03\/Jessica-Gialamas-211210_1084_900-720x480.jpg 720w\" sizes=\"(max-width: 900px) 100vw, 900px\" \/>\t\t\t\t\t\t\t\t\t\t\t\t\t\t\t<\/div>\n\t\t\t\t<\/div>\n\t\t\t\t\t<\/div>\n\t\t<\/div>\n\t\t\t\t<div class=\"elementor-column elementor-col-50 elementor-inner-column elementor-element elementor-element-971f33d ot-flex-column-vertical\" data-id=\"971f33d\" data-element_type=\"column\" data-e-type=\"column\">\n\t\t\t<div class=\"elementor-widget-wrap elementor-element-populated\">\n\t\t\t\t\t\t<div class=\"elementor-element elementor-element-12fecaa elementor-widget elementor-widget-heading\" data-id=\"12fecaa\" data-element_type=\"widget\" data-e-type=\"widget\" data-widget_type=\"heading.default\">\n\t\t\t\t<div class=\"elementor-widget-container\">\n\t\t\t\t\t<h3 class=\"elementor-heading-title elementor-size-default\">Haz la diferencia.<\/h3>\t\t\t\t<\/div>\n\t\t\t\t<\/div>\n\t\t\t\t<div class=\"elementor-element elementor-element-ac89408 elementor-widget elementor-widget-text-editor\" data-id=\"ac89408\" data-element_type=\"widget\" data-e-type=\"widget\" data-widget_type=\"text-editor.default\">\n\t\t\t\t<div class=\"elementor-widget-container\">\n\t\t\t\t\t\t\t\t\t<p>Alpha Technologies es una organizaci\u00f3n global pero tiene un ambiente de peque\u00f1a empresa. Tendr\u00e1s la oportunidad de contribuir al desarrollo de nuevas ideas y capacidades. Podr\u00e1s ser creativo. Tu trabajo ser\u00e1 relevante. Marcar\u00e1s la diferencia.<\/p>\t\t\t\t\t\t\t\t<\/div>\n\t\t\t\t<\/div>\n\t\t\t\t\t<\/div>\n\t\t<\/div>\n\t\t\t\t\t<\/div>\n\t\t<\/section>\n\t\t\t\t<section data-particle_enable=\"false\" data-particle-mobile-disabled=\"false\" class=\"elementor-section elementor-inner-section elementor-element elementor-element-01f78ea elementor-section-content-top elementor-section-full_width elementor-reverse-mobile ot-traditional elementor-section-height-default elementor-section-height-default\" data-id=\"01f78ea\" data-element_type=\"section\" data-e-type=\"section\">\n\t\t\t\t\t\t<div class=\"elementor-container elementor-column-gap-extended\">\n\t\t\t\t\t<div class=\"elementor-column elementor-col-50 elementor-inner-column elementor-element elementor-element-4132063 ot-flex-column-vertical\" data-id=\"4132063\" data-element_type=\"column\" data-e-type=\"column\">\n\t\t\t<div class=\"elementor-widget-wrap elementor-element-populated\">\n\t\t\t\t\t\t<div class=\"elementor-element elementor-element-edc3d1e elementor-widget elementor-widget-heading\" data-id=\"edc3d1e\" data-element_type=\"widget\" data-e-type=\"widget\" data-widget_type=\"heading.default\">\n\t\t\t\t<div class=\"elementor-widget-container\">\n\t\t\t\t\t<h3 class=\"elementor-heading-title elementor-size-default\">Compensaci\u00f3n Competitiva.<\/h3>\t\t\t\t<\/div>\n\t\t\t\t<\/div>\n\t\t\t\t<div class=\"elementor-element elementor-element-ce3e8a1 elementor-widget elementor-widget-text-editor\" data-id=\"ce3e8a1\" data-element_type=\"widget\" data-e-type=\"widget\" data-widget_type=\"text-editor.default\">\n\t\t\t\t<div class=\"elementor-widget-container\">\n\t\t\t\t\t\t\t\t\t<p>Nuestros clientes incluyen los nombres m\u00e1s importantes en las industrias del caucho y los pol\u00edmeros. Es esencial que nuestra gente tenga conocimientos y habilidades excepcionales para satisfacer las necesidades de nuestros clientes. Para hacer eso, creemos en mantener un paquete competitivo de compensaci\u00f3n y beneficios, para atraer y retener a personas profesionales de alta calidad.<\/p>\t\t\t\t\t\t\t\t<\/div>\n\t\t\t\t<\/div>\n\t\t\t\t\t<\/div>\n\t\t<\/div>\n\t\t\t\t<div class=\"elementor-column elementor-col-50 elementor-inner-column elementor-element elementor-element-424b6fd ot-flex-column-vertical\" data-id=\"424b6fd\" data-element_type=\"column\" data-e-type=\"column\">\n\t\t\t<div class=\"elementor-widget-wrap elementor-element-populated\">\n\t\t\t\t\t\t<div class=\"elementor-element elementor-element-507c42b elementor-widget elementor-widget-image\" data-id=\"507c42b\" data-element_type=\"widget\" data-e-type=\"widget\" data-widget_type=\"image.default\">\n\t\t\t\t<div class=\"elementor-widget-container\">\n\t\t\t\t\t\t\t\t\t\t\t\t\t\t\t<img decoding=\"async\" width=\"900\" height=\"600\" src=\"https:\/\/www.alphatechnologies.cn\/wp-content\/uploads\/2022\/04\/Fair-compensation-satisfied-employee_900.jpg\" class=\"attachment-full size-full wp-image-11642\" alt=\"Woman smiling and resting her chin on her fist\" srcset=\"https:\/\/www.alphatechnologies.cn\/wp-content\/uploads\/2022\/04\/Fair-compensation-satisfied-employee_900.jpg 900w, https:\/\/www.alphatechnologies.cn\/wp-content\/uploads\/2022\/04\/Fair-compensation-satisfied-employee_900-300x200.jpg 300w, https:\/\/www.alphatechnologies.cn\/wp-content\/uploads\/2022\/04\/Fair-compensation-satisfied-employee_900-768x512.jpg 768w, https:\/\/www.alphatechnologies.cn\/wp-content\/uploads\/2022\/04\/Fair-compensation-satisfied-employee_900-720x480.jpg 720w\" sizes=\"(max-width: 900px) 100vw, 900px\" \/>\t\t\t\t\t\t\t\t\t\t\t\t\t\t\t<\/div>\n\t\t\t\t<\/div>\n\t\t\t\t\t<\/div>\n\t\t<\/div>\n\t\t\t\t\t<\/div>\n\t\t<\/section>\n\t\t\t\t<section data-particle_enable=\"false\" data-particle-mobile-disabled=\"false\" class=\"elementor-section elementor-inner-section elementor-element elementor-element-8095458 elementor-section-content-top elementor-section-full_width ot-traditional elementor-section-height-default elementor-section-height-default\" data-id=\"8095458\" data-element_type=\"section\" data-e-type=\"section\">\n\t\t\t\t\t\t<div class=\"elementor-container elementor-column-gap-extended\">\n\t\t\t\t\t<div class=\"elementor-column elementor-col-50 elementor-inner-column elementor-element elementor-element-d06d8a2 ot-flex-column-vertical\" data-id=\"d06d8a2\" data-element_type=\"column\" data-e-type=\"column\">\n\t\t\t<div class=\"elementor-widget-wrap elementor-element-populated\">\n\t\t\t\t\t\t<div class=\"elementor-element elementor-element-0ba607e elementor-widget elementor-widget-image\" data-id=\"0ba607e\" data-element_type=\"widget\" data-e-type=\"widget\" data-widget_type=\"image.default\">\n\t\t\t\t<div class=\"elementor-widget-container\">\n\t\t\t\t\t\t\t\t\t\t\t\t\t\t\t<img decoding=\"async\" width=\"900\" height=\"600\" src=\"https:\/\/www.alphatechnologies.cn\/wp-content\/uploads\/2022\/04\/Employee-promotion-praise_900.jpg\" class=\"attachment-full size-full wp-image-11635\" alt=\"A woman being promoted by her manager\" srcset=\"https:\/\/www.alphatechnologies.cn\/wp-content\/uploads\/2022\/04\/Employee-promotion-praise_900.jpg 900w, https:\/\/www.alphatechnologies.cn\/wp-content\/uploads\/2022\/04\/Employee-promotion-praise_900-300x200.jpg 300w, https:\/\/www.alphatechnologies.cn\/wp-content\/uploads\/2022\/04\/Employee-promotion-praise_900-768x512.jpg 768w, https:\/\/www.alphatechnologies.cn\/wp-content\/uploads\/2022\/04\/Employee-promotion-praise_900-720x480.jpg 720w\" sizes=\"(max-width: 900px) 100vw, 900px\" \/>\t\t\t\t\t\t\t\t\t\t\t\t\t\t\t<\/div>\n\t\t\t\t<\/div>\n\t\t\t\t\t<\/div>\n\t\t<\/div>\n\t\t\t\t<div class=\"elementor-column elementor-col-50 elementor-inner-column elementor-element elementor-element-4f7dc45 ot-flex-column-vertical\" data-id=\"4f7dc45\" data-element_type=\"column\" data-e-type=\"column\">\n\t\t\t<div class=\"elementor-widget-wrap elementor-element-populated\">\n\t\t\t\t\t\t<div class=\"elementor-element elementor-element-f22c310 elementor-widget elementor-widget-heading\" data-id=\"f22c310\" data-element_type=\"widget\" data-e-type=\"widget\" data-widget_type=\"heading.default\">\n\t\t\t\t<div class=\"elementor-widget-container\">\n\t\t\t\t\t<h3 class=\"elementor-heading-title elementor-size-default\">Oportunidades de Crecimiento.<\/h3>\t\t\t\t<\/div>\n\t\t\t\t<\/div>\n\t\t\t\t<div class=\"elementor-element elementor-element-b360d19 elementor-widget elementor-widget-text-editor\" data-id=\"b360d19\" data-element_type=\"widget\" data-e-type=\"widget\" data-widget_type=\"text-editor.default\">\n\t\t\t\t<div class=\"elementor-widget-container\">\n\t\t\t\t\t\t\t\t\tAlpha est\u00e1 dise\u00f1ado para alentar y capacitar a las personas talentosas (como t\u00fa) para el crecimiento personal y profesional. Eso incluye programas de desarrollo profesional, promociones internas, cursos de certificaci\u00f3n y reembolso educativo. No importa d\u00f3nde comiences en Alpha, podr\u00e1s desarrollarte virtualmente sin l\u00edmites.\t\t\t\t\t\t\t\t<\/div>\n\t\t\t\t<\/div>\n\t\t\t\t\t<\/div>\n\t\t<\/div>\n\t\t\t\t\t<\/div>\n\t\t<\/section>\n\t\t\t\t\t<\/div>\n\t\t<\/div>\n\t\t\t\t\t<\/div>\n\t\t<\/section>\n\t\t\t\t<section data-particle_enable=\"false\" data-particle-mobile-disabled=\"false\" class=\"elementor-section elementor-top-section elementor-element elementor-element-73fc89f ot-traditional elementor-section-boxed elementor-section-height-default elementor-section-height-default\" data-id=\"73fc89f\" data-element_type=\"section\" data-e-type=\"section\" data-settings=\"{&quot;background_background&quot;:&quot;classic&quot;}\">\n\t\t\t\t\t\t\t<div class=\"elementor-background-overlay\"><\/div>\n\t\t\t\t\t\t\t<div class=\"elementor-container elementor-column-gap-default\">\n\t\t\t\t\t<div class=\"elementor-column elementor-col-100 elementor-top-column elementor-element elementor-element-26b2034 ot-flex-column-vertical\" data-id=\"26b2034\" data-element_type=\"column\" data-e-type=\"column\">\n\t\t\t<div class=\"elementor-widget-wrap elementor-element-populated\">\n\t\t\t\t\t\t<div class=\"elementor-element elementor-element-10771ee elementor-widget elementor-widget-heading\" data-id=\"10771ee\" data-element_type=\"widget\" data-e-type=\"widget\" data-widget_type=\"heading.default\">\n\t\t\t\t<div class=\"elementor-widget-container\">\n\t\t\t\t\t<h4 class=\"elementor-heading-title elementor-size-default\">Para obtener m\u00e1s informaci\u00f3n sobre la vida en Alpha Technologies, <br>y para buscar oportunidades profesionales actuales, haga clic aqu\u00ed:<\/h4>\t\t\t\t<\/div>\n\t\t\t\t<\/div>\n\t\t\t\t<section data-particle_enable=\"false\" data-particle-mobile-disabled=\"false\" class=\"elementor-section elementor-inner-section elementor-element elementor-element-c5fc972 elementor-section-full_width elementor-section-content-bottom ot-traditional elementor-section-height-default elementor-section-height-default\" data-id=\"c5fc972\" data-element_type=\"section\" data-e-type=\"section\">\n\t\t\t\t\t\t<div class=\"elementor-container elementor-column-gap-default\">\n\t\t\t\t\t<div class=\"elementor-column elementor-col-33 elementor-inner-column elementor-element elementor-element-dc59925 ot-flex-column-vertical\" data-id=\"dc59925\" data-element_type=\"column\" data-e-type=\"column\">\n\t\t\t<div class=\"elementor-widget-wrap\">\n\t\t\t\t\t\t\t<\/div>\n\t\t<\/div>\n\t\t\t\t<div class=\"elementor-column elementor-col-33 elementor-inner-column elementor-element elementor-element-dbb8abc ot-flex-column-vertical\" data-id=\"dbb8abc\" data-element_type=\"column\" data-e-type=\"column\">\n\t\t\t<div class=\"elementor-widget-wrap elementor-element-populated\">\n\t\t\t\t\t\t<div class=\"elementor-element elementor-element-402c944 elementor-align-center elementor-widget elementor-widget-button\" data-id=\"402c944\" data-element_type=\"widget\" data-e-type=\"widget\" data-widget_type=\"button.default\">\n\t\t\t\t<div class=\"elementor-widget-container\">\n\t\t\t\t\t\t\t\t\t<div class=\"elementor-button-wrapper\">\n\t\t\t\t\t<a class=\"elementor-button elementor-button-link elementor-size-sm\" href=\"https:\/\/recruiting.ultipro.com\/ROP1001ROPER\/JobBoard\/38c4cf21-9b8b-4abe-9605-9c246ddf88b6\/\" target=\"_blank\">\n\t\t\t\t\t\t<span class=\"elementor-button-content-wrapper\">\n\t\t\t\t\t\t\t\t\t<span class=\"elementor-button-text\">Encuentre un trabajo<\/span>\n\t\t\t\t\t<\/span>\n\t\t\t\t\t<\/a>\n\t\t\t\t<\/div>\n\t\t\t\t\t\t\t\t<\/div>\n\t\t\t\t<\/div>\n\t\t\t\t\t<\/div>\n\t\t<\/div>\n\t\t\t\t<div class=\"elementor-column elementor-col-33 elementor-inner-column elementor-element elementor-element-54ffa26 ot-flex-column-vertical\" data-id=\"54ffa26\" data-element_type=\"column\" data-e-type=\"column\">\n\t\t\t<div class=\"elementor-widget-wrap\">\n\t\t\t\t\t\t\t<\/div>\n\t\t<\/div>\n\t\t\t\t\t<\/div>\n\t\t<\/section>\n\t\t\t\t\t<\/div>\n\t\t<\/div>\n\t\t\t\t\t<\/div>\n\t\t<\/section>\n\t\t\t\t<\/div>\n\t\t","protected":false},"excerpt":{"rendered":"<p>Trabaja en Alpha Technologies Nuestra propuesta Trabaja para una organizaci\u00f3n global, con oportunidades de crecimiento, conformada por profesionales enfocados en las necesidades de [&hellip;]<\/p>\n","protected":false},"author":1,"featured_media":0,"parent":0,"menu_order":36,"comment_status":"closed","ping_status":"closed","template":"","meta":{"_acf_changed":false,"_eb_attr":"","footnotes":""},"folder":[50],"class_list":["post-12682","page","type-page","status-publish","hentry"],"acf":[],"_links":{"self":[{"href":"https:\/\/www.alphatechnologies.cn\/es\/wp-json\/wp\/v2\/pages\/12682","targetHints":{"allow":["GET"]}}],"collection":[{"href":"https:\/\/www.alphatechnologies.cn\/es\/wp-json\/wp\/v2\/pages"}],"about":[{"href":"https:\/\/www.alphatechnologies.cn\/es\/wp-json\/wp\/v2\/types\/page"}],"author":[{"embeddable":true,"href":"https:\/\/www.alphatechnologies.cn\/es\/wp-json\/wp\/v2\/users\/1"}],"replies":[{"embeddable":true,"href":"https:\/\/www.alphatechnologies.cn\/es\/wp-json\/wp\/v2\/comments?post=12682"}],"version-history":[{"count":5,"href":"https:\/\/www.alphatechnologies.cn\/es\/wp-json\/wp\/v2\/pages\/12682\/revisions"}],"predecessor-version":[{"id":13231,"href":"https:\/\/www.alphatechnologies.cn\/es\/wp-json\/wp\/v2\/pages\/12682\/revisions\/13231"}],"wp:attachment":[{"href":"https:\/\/www.alphatechnologies.cn\/es\/wp-json\/wp\/v2\/media?parent=12682"}],"wp:term":[{"taxonomy":"folder","embeddable":true,"href":"https:\/\/www.alphatechnologies.cn\/es\/wp-json\/wp\/v2\/folder?post=12682"}],"curies":[{"name":"wp","href":"https:\/\/api.w.org\/{rel}","templated":true}]}}